{"id":10,"date":"2018-01-23T00:39:20","date_gmt":"2018-01-23T00:39:20","guid":{"rendered":"http:\/\/www.waconsulti.com.br\/home\/?page_id=10"},"modified":"2019-09-16T18:44:59","modified_gmt":"2019-09-16T18:44:59","slug":"solucoes","status":"publish","type":"page","link":"https:\/\/www.waconsulti.com.br\/home\/solucoes\/","title":{"rendered":"Solu\u00e7\u00f5es em TI"},"content":{"rendered":"<h6><img decoding=\"async\" loading=\"lazy\" class=\"alignnone wp-image-237 size-thumbnail\" src=\"http:\/\/www.waconsulti.com.br\/home\/wp-content\/uploads\/2018\/07\/solution-150x150.png\" alt=\"\" width=\"150\" height=\"150\" srcset=\"https:\/\/www.waconsulti.com.br\/home\/wp-content\/uploads\/2018\/07\/solution-150x150.png 150w, https:\/\/www.waconsulti.com.br\/home\/wp-content\/uploads\/2018\/07\/solution-300x300.png 300w, https:\/\/www.waconsulti.com.br\/home\/wp-content\/uploads\/2018\/07\/solution.png 512w\" sizes=\"(max-width: 150px) 100vw, 150px\" \/><\/h6>\n<h3><\/h3>\n<h3><a href=\"http:\/\/www.waconsulti.com.br\/home\/office365\/\"><span style=\"color: #ff6600;\">WA|OFFICE 365<\/span><\/a><\/h3>\n<h5>Com os aplicativos do Office que voc\u00ea j\u00e1 conhece e os benef\u00edcios da nuvem, o Office 365 permite que voc\u00ea administre sua empresa em qualquer lugar e a qualquer hora.<\/h5>\n<hr \/>\n<h3><a href=\"http:\/\/www.waconsulti.com.br\/home\/cloud-wabackup\/\"><span style=\"color: #ff6600;\">WA|CLOUDBACKUP &#8211; BACKUP CORPORATIVO LOCAL E EM NUVEM<\/span><\/a><\/h3>\n<h5>Mantenha os dados da sua empresa em seguran\u00e7a com as rotinas de BACKUP CORPORATIVO da waconsulTI<\/h5>\n<hr \/>\n<h3><a href=\"http:\/\/www.waconsulti.com.br\/home\/wamodule\/\"><span style=\"color: #ff6600;\">WA|MODULE &#8211; MONITORAMENTO DE INFRAESTRUTURA<\/span><\/a><\/h3>\n<h5>Monitore toda infraestrutura de TI, sendo alertado de poss\u00edveis falhas mesmo antes que os usu\u00e1rios possam perceber.<\/h5>\n<hr \/>\n<h3><a href=\"http:\/\/www.waconsulti.com.br\/home\/firewall\/\"><span style=\"color: #ff6600;\">WA|NETCONTROL &#8211; CONTROLE DE INTERNET<\/span><\/a><\/h3>\n<h5>Mantenha o acesso a INTERNET da sua empresa sob total controle, tornando sua infraestrutura mais segura.<\/h5>\n<hr \/>\n<h3><span style=\"color: #ff6600;\">CONSULTORIA ESPECIALIZADA<\/span><\/h3>\n<h5>Atualmente as empresas necessitam de uma estrutura tecnol\u00f3gica avan\u00e7ada e que esteja em sintonia com as novidades do mercado.<\/h5>\n<h5>Para tanto a waconsulTI\u00a0oferece um servi\u00e7o de consultoria personalizado, levando-se em considera\u00e7\u00e3o as necessidades de cada cliente separadamente.<\/h5>\n<hr \/>\n<h3 style=\"text-align: justify;\"><span style=\"color: #ff6600;\">OTIMIZA\u00c7\u00c3O DE RECURSOS<\/span><\/h3>\n<h5 style=\"text-align: justify;\">Muitas organiza\u00e7\u00f5es subutilizam o seu parque tecnol\u00f3gico, na maioria das vezes pela falta de orienta\u00e7\u00e3o adequada.<\/h5>\n<h5 style=\"text-align: justify;\">No intuito de auxiliar nossos clientes para o melhor uso dos seus equipamentos \u00e9 que a waconsulTI oferece treinamentos direcionados para as dificuldades encontradas.<\/h5>\n<hr \/>\n<h3><span style=\"color: #ff6600;\">POL\u00cdTICAS DE SEGURAN\u00c7A E CONTROLE<\/span><\/h3>\n<h5 style=\"text-align: justify;\">As informa\u00e7\u00f5es tornaram-se o bem mais precioso dentro de qualquer organiza\u00e7\u00e3o em qualquer ramo de atividade.<\/h5>\n<h5>Tenha total controle dos seu ativos com monitoramento em tempo real de tudo que ocorre em suam estrutura de TI.<\/h5>\n<h5 style=\"text-align: justify;\">Para manter este bem o mais protegido contra usu\u00e1rios mal intencionados, oferecemos solu\u00e7\u00f5es de seguran\u00e7a desenvolvidas em plataformas Linux e Windows, garantindo a Credibilidade, Disponibilidade e Integridade das informa\u00e7\u00f5es.<\/h5>\n<h5 style=\"text-align: justify;\">Controles de acesso \u00e0 rede, \u00e0 internet, al\u00e9m de outras solu\u00e7\u00f5es dispon\u00edveis para sua empresa.<\/h5>\n<hr \/>\n<h3><span style=\"color: #ff6600;\">SUPORTE PERSONALIZADO<\/span><\/h3>\n<h5 style=\"text-align: left;\">\u00a0Temos contratos de suporte e terceiriza\u00e7\u00e3o de TI sob medida para sua empresa.<\/h5>\n<h5 style=\"text-align: left;\">Deixe que a equipe de consultores da waconsulTI tomar conta da sua infraestrutura de TI e preocupe-se apenas com as atividades da sua organiza\u00e7\u00e3o.<\/h5>\n<hr \/>\n<p style=\"text-align: center;\"><span style=\"font-family: Arial; font-size: medium;\">Para maiores informa\u00e7\u00f5es entre em <a href=\"http:\/\/www.waconsulti.com.br\/home\/contato\/\"><strong><span style=\"color: #ff6600;\">CONTATO<\/span><\/strong><\/a> com nossa equipe.<\/span><\/p>\n","protected":false},"excerpt":{"rendered":"<p>WA|OFFICE 365 Com os aplicativos do Office que voc\u00ea j\u00e1 conhece e os benef\u00edcios da nuvem, o Office 365 permite que voc\u00ea administre sua empresa em qualquer lugar e a qualquer hora. WA|CLOUDBACKUP &#8211; BACKUP CORPORATIVO LOCAL E EM NUVEM Mantenha os dados da sua empresa em seguran\u00e7a com as rotinas de BACKUP CORPORATIVO da [&hellip;]<\/p>\n","protected":false},"author":1,"featured_media":0,"parent":0,"menu_order":0,"comment_status":"closed","ping_status":"closed","template":"fullwidth.php","meta":[],"_links":{"self":[{"href":"https:\/\/www.waconsulti.com.br\/home\/wp-json\/wp\/v2\/pages\/10"}],"collection":[{"href":"https:\/\/www.waconsulti.com.br\/home\/wp-json\/wp\/v2\/pages"}],"about":[{"href":"https:\/\/www.waconsulti.com.br\/home\/wp-json\/wp\/v2\/types\/page"}],"author":[{"embeddable":true,"href":"https:\/\/www.waconsulti.com.br\/home\/wp-json\/wp\/v2\/users\/1"}],"replies":[{"embeddable":true,"href":"https:\/\/www.waconsulti.com.br\/home\/wp-json\/wp\/v2\/comments?post=10"}],"version-history":[{"count":23,"href":"https:\/\/www.waconsulti.com.br\/home\/wp-json\/wp\/v2\/pages\/10\/revisions"}],"predecessor-version":[{"id":382,"href":"https:\/\/www.waconsulti.com.br\/home\/wp-json\/wp\/v2\/pages\/10\/revisions\/382"}],"wp:attachment":[{"href":"https:\/\/www.waconsulti.com.br\/home\/wp-json\/wp\/v2\/media?parent=10"}],"curies":[{"name":"wp","href":"https:\/\/api.w.org\/{rel}","templated":true}]}}