{"id":14,"date":"2018-01-23T00:42:57","date_gmt":"2018-01-23T00:42:57","guid":{"rendered":"http:\/\/www.waconsulti.com.br\/home\/?page_id=14"},"modified":"2018-11-20T15:27:57","modified_gmt":"2018-11-20T15:27:57","slug":"cloud-wabackup","status":"publish","type":"page","link":"https:\/\/www.waconsulti.com.br\/home\/cloud-wabackup\/","title":{"rendered":"Cloud wabackup"},"content":{"rendered":"<h1>Principais caracter\u00edsticas do Backup em Nuvem<\/h1>\n<p><span style=\"font-family: Arial; font-size: large;\"><br \/>\nPara manter os dados da sua empresa realmente seguros voc\u00ea precisa de mais do que um armazenamento simples. O Backup em Nuvem possibilita seguran\u00e7a e facilidade no processo de armazenamento e recupera\u00e7\u00e3o destes dados.\u00a0Isso, porque o utilizamos as mais seguras e modernas tecnologia, que, compacta, valida, criptografa e armazena seus\u00a0dados em diferentes servidores.<br \/>\n<\/span><\/p>\n<hr \/>\n<h1>Vantagens do Backup em Nuvem<\/h1>\n<p>&nbsp;<\/p>\n<p><img decoding=\"async\" loading=\"lazy\" class=\"wp-image-459 alignleft\" src=\"http:\/\/www.waconsulti.com.br\/site\/wp-content\/uploads\/2017\/03\/a593f145-925e-44d2-b29b-2c5071915217-257x300.png\" alt=\"a593f145-925e-44d2-b29b-2c5071915217\" width=\"96\" height=\"112\" \/><\/p>\n<h3>SEGURAN\u00c7A<\/h3>\n<p><span style=\"font-family: Arial; font-size: medium;\"><br \/>\nOs dados da sua empresa s\u00e3o armazenados com total seguran\u00e7a em Datacenters CERTIFICADOS no Brasil e no Exterior. (Data Centers Word Class Tier III)<br \/>\n<\/span><\/p>\n<p><img decoding=\"async\" loading=\"lazy\" class=\"wp-image-460 alignleft\" src=\"http:\/\/www.waconsulti.com.br\/site\/wp-content\/uploads\/2017\/03\/competitivo.png\" alt=\"competitivo\" width=\"103\" height=\"103\" \/><\/p>\n<h3>ESCALON\u00c1VEL<\/h3>\n<p><span style=\"font-family: Arial; font-size: medium;\"><br \/>\nFlexibilidade para aumentar ou diminuir o seu volume de storage a qualquer momento.<br \/>\n<\/span><\/p>\n<p>&nbsp;<\/p>\n<p><img decoding=\"async\" loading=\"lazy\" class=\" wp-image-461 alignleft\" src=\"http:\/\/www.waconsulti.com.br\/site\/wp-content\/uploads\/2017\/03\/dashboard-low-512-300x300.png\" alt=\"dashboard-low-512\" width=\"101\" height=\"101\" \/><\/p>\n<h3>MONITORAMENTO 24X7<\/h3>\n<p><span style=\"font-family: Arial; font-size: medium;\"><br \/>\nMonitoramento constante da integridade dos dados e das rotinas do backup.<br \/>\n<\/span><\/p>\n<p>&nbsp;<\/p>\n<hr \/>\n<h1 style=\"text-align: center;\">PRINCIPAIS FUNCIONALIDADES<\/h1>\n<p><span style=\"color: #f5900c; font-family: Arial; font-size: 30px;\"><br \/>\n<span style=\"color: #ffcc99;\">Backup completo<\/span><\/span><\/p>\n<p><span style=\"font-family: Arial; font-size: large;\">Realiza o backup completo de todos os tipos de documentos, planilhas, imagens, v\u00eddeos, sistemas e bancos de dados.<br \/>\n<\/span><\/p>\n<hr \/>\n<p>&nbsp;<\/p>\n<p><span style=\"color: #f5900c; font-family: Arial; font-size: 30px;\"><span style=\"color: #ffcc99;\">Backup de arquivos abertos<\/span><br \/>\n<\/span><br \/>\n<span style=\"font-family: Arial; font-size: large;\">Realiza o backup de arquivos abertos mesmo que estejam em utiliza\u00e7\u00e3o pelo sistema operacional.<br \/>\n<\/span><\/p>\n<hr \/>\n<p>&nbsp;<\/p>\n<p><span style=\"color: #f5900c; font-family: Arial; font-size: 30px;\"><span style=\"color: #ffcc99;\">Backup de unidades de rede<\/span><br \/>\n<\/span><span style=\"font-family: Arial; font-size: large;\"><br \/>\nPermite a sele\u00e7\u00e3o de compartilhamentos de rede como origem do backup: NAS, servidores standalone, CIFS, entre outros.<br \/>\n<\/span><\/p>\n<hr \/>\n<p>&nbsp;<\/p>\n<p><span style=\"color: #f5900c; font-family: Arial; font-size: 30px;\"><span style=\"color: #ffcc99;\">Compress\u00e3o dos dados<\/span><br \/>\n<\/span><span style=\"font-family: Arial; font-size: large;\"><br \/>\nRealiza a compress\u00e3o dos dados em taxas de at\u00e9 80% para a otimiza\u00e7\u00e3o do consumo de espa\u00e7o em nuvem.<br \/>\n<\/span><\/p>\n<hr \/>\n<p>&nbsp;<\/p>\n<p><span style=\"color: #f5900c; font-family: Arial; font-size: 30px;\"><span style=\"color: #ffcc99;\">Criptografia<\/span><br \/>\n<\/span><span style=\"font-family: Arial; font-size: large;\"><br \/>\nOs dados s\u00e3o criptografados por chaves definidas pelo pr\u00f3prio cliente, garantindo a sua total confidencialidade.<br \/>\n<\/span><\/p>\n<hr \/>\n<p>&nbsp;<\/p>\n<p><span style=\"color: #f5900c; font-family: Arial; font-size: 30px;\"><span style=\"color: #ffcc99;\">Reten\u00e7\u00e3o<\/span><br \/>\n<\/span><\/p>\n<p><span style=\"font-family: Arial; font-size: large;\">Permite realizar a restaura\u00e7\u00e3o de um arquivo em uma data espec\u00edfica de dias, semanas, meses ou anos atr\u00e1s.<br \/>\n<\/span><\/p>\n<hr \/>\n<p>&nbsp;<\/p>\n<p><span style=\"color: #ffcc99; font-family: Arial; font-size: 30px;\">Versionamento<\/span><\/p>\n<p><span style=\"font-family: Arial; font-size: large;\">Permite a realiza\u00e7\u00e3o do download de vers\u00f5es de dias anteriores dos arquivos modificados ou exclu\u00eddos.<br \/>\n<\/span><\/p>\n<hr \/>\n<p>&nbsp;<\/p>\n<p><span style=\"color: #f5900c; font-family: Arial; font-size: 30px;\"><span style=\"color: #ffcc99;\">Relat\u00f3rios de auditoria<\/span><br \/>\n<\/span><\/p>\n<p><span style=\"font-family: Arial; font-size: large;\">Emiss\u00e3o di\u00e1ria, semanal ou mensal de relat\u00f3rios consolidados de gerenciamento, controle e auditoria dos seus backups.<br \/>\n<\/span><\/p>\n<hr \/>\n<p style=\"text-align: center;\"><span style=\"font-family: Arial; font-size: medium;\"><br \/>\nPara maiores informa\u00e7\u00f5es entre em <a href=\"http:\/\/www.waconsulti.com.br\/home\/contato\/\"><strong><span style=\"color: #ff6600;\">CONTATO<\/span><\/strong><\/a> com nossa equipe.<\/span><\/p>\n","protected":false},"excerpt":{"rendered":"<p>Principais caracter\u00edsticas do Backup em Nuvem Para manter os dados da sua empresa realmente seguros voc\u00ea precisa de mais do que um armazenamento simples. O Backup em Nuvem possibilita seguran\u00e7a e facilidade no processo de armazenamento e recupera\u00e7\u00e3o destes dados.\u00a0Isso, porque o utilizamos as mais seguras e modernas tecnologia, que, compacta, valida, criptografa e armazena [&hellip;]<\/p>\n","protected":false},"author":1,"featured_media":0,"parent":0,"menu_order":0,"comment_status":"closed","ping_status":"closed","template":"fullwidth.php","meta":[],"_links":{"self":[{"href":"https:\/\/www.waconsulti.com.br\/home\/wp-json\/wp\/v2\/pages\/14"}],"collection":[{"href":"https:\/\/www.waconsulti.com.br\/home\/wp-json\/wp\/v2\/pages"}],"about":[{"href":"https:\/\/www.waconsulti.com.br\/home\/wp-json\/wp\/v2\/types\/page"}],"author":[{"embeddable":true,"href":"https:\/\/www.waconsulti.com.br\/home\/wp-json\/wp\/v2\/users\/1"}],"replies":[{"embeddable":true,"href":"https:\/\/www.waconsulti.com.br\/home\/wp-json\/wp\/v2\/comments?post=14"}],"version-history":[{"count":7,"href":"https:\/\/www.waconsulti.com.br\/home\/wp-json\/wp\/v2\/pages\/14\/revisions"}],"predecessor-version":[{"id":352,"href":"https:\/\/www.waconsulti.com.br\/home\/wp-json\/wp\/v2\/pages\/14\/revisions\/352"}],"wp:attachment":[{"href":"https:\/\/www.waconsulti.com.br\/home\/wp-json\/wp\/v2\/media?parent=14"}],"curies":[{"name":"wp","href":"https:\/\/api.w.org\/{rel}","templated":true}]}}