{"id":16,"date":"2018-01-23T00:45:06","date_gmt":"2018-01-23T00:45:06","guid":{"rendered":"http:\/\/www.waconsulti.com.br\/home\/?page_id=16"},"modified":"2018-07-24T17:21:02","modified_gmt":"2018-07-24T17:21:02","slug":"firewall","status":"publish","type":"page","link":"https:\/\/www.waconsulti.com.br\/home\/firewall\/","title":{"rendered":"WA|NETCONTROL"},"content":{"rendered":"<h1><img decoding=\"async\" loading=\"lazy\" class=\"alignnone wp-image-220 size-thumbnail\" src=\"http:\/\/www.waconsulti.com.br\/home\/wp-content\/uploads\/2018\/07\/internet-150x150.png\" alt=\"\" width=\"150\" height=\"150\" srcset=\"https:\/\/www.waconsulti.com.br\/home\/wp-content\/uploads\/2018\/07\/internet-150x150.png 150w, https:\/\/www.waconsulti.com.br\/home\/wp-content\/uploads\/2018\/07\/internet-300x300.png 300w, https:\/\/www.waconsulti.com.br\/home\/wp-content\/uploads\/2018\/07\/internet.png 512w\" sizes=\"(max-width: 150px) 100vw, 150px\" \/><\/h1>\n<h1><\/h1>\n<h1 style=\"text-align: center;\"><span style=\"color: #ff9900;\">CONTROLE TOTAL DE INTERNET<\/span><\/h1>\n<h3 style=\"text-align: center;\">WA|NETCONTROL<\/h3>\n<p style=\"text-align: center;\">Mantenha o acesso a INTERNET da sua empresa sob total controle, tornando sua infraestrutura mais segura.<\/p>\n<p>&nbsp;<\/p>\n<h1 class=\"western\"><span style=\"color: #333333;\"><span style=\"font-family: Arial, 'Helvetica Neue', Helvetica, sans-serif;\"><span style=\"font-size: xx-large;\"><b>8 benef\u00edcios do controle de acesso \u00e0 internet nas empresas.<\/b><\/span><\/span><\/span><\/h1>\n<p class=\"western\"><span style=\"color: #000000;\"><span style=\"font-family: Arial, sans-serif;\"><span style=\"font-size: medium;\">No ambiente de trabalho atual das empresas, boa parte dos colaboradores permanecem conectados \u00e0 Internet durante praticamente todo o tempo de trabalho, pois cada vez mais as tarefas s\u00e3o realizadas via sistemas, e-mail, planilhas e atrav\u00e9s da internet, o que agiliza as atividades e entrega de tarefas.<\/span><\/span><\/span><\/p>\n<p><span style=\"color: #000000;\"><span style=\"font-family: Arial, sans-serif;\"><span style=\"font-size: medium;\">Por\u00e9m, ao mesmo tempo, os colaboradores podem usar a internet de forma indevida e esse mau uso pode gerar in\u00fameros problemas e preju\u00edzos para as empresas. <\/span><\/span><\/span><\/p>\n<p><span style=\"color: #000000;\"><span style=\"font-family: Arial, sans-serif;\"><span style=\"font-size: medium;\">Sem nenhum tipo de controle\u00a0ou pol\u00edtica de acesso \u00e0 Internet, \u00e9 normal\u00a0que os colaboradores utilizem o tempo de trabalho acessando o e-mail pessoal, perfis em redes sociais, v\u00eddeos no Youtube, ou\u00e7am r\u00e1dio, usem comunicadores instant\u00e2neos,\u00a0 pesquisem sobre assuntos de seu interesse pessoal e v\u00e1rias outras atividades sem rela\u00e7\u00e3o com o trabalho e que podem levar perigo a sua rede corporativa.<\/span><\/span><\/span><\/p>\n<p><span style=\"color: #000000;\"><span style=\"font-family: Arial, sans-serif;\"><span style=\"font-size: medium;\">Portanto, o controle\u00a0do acesso a Internet nas empresas \u00e9 uma pol\u00edtica fundamental na gest\u00e3o de equipes e recursos de tecnologia, pois evita v\u00e1rios problemas de seguran\u00e7a, reduz desperd\u00edcio de tempo e aumenta o foco e produtividade dos profissionais. <\/span><\/span><\/span><\/p>\n<p><span style=\"color: #000000;\"><span style=\"font-family: Arial, sans-serif;\"><span style=\"font-size: medium;\">Veja abaixo os principais benef\u00edcios e vantagens que o controle ou bloqueio de acesso \u00e0 Internet proporciona \u00e0s empresas:<\/span><\/span><\/span><\/p>\n<p><strong><span style=\"color: #000000;\"><span style=\"font-family: Arial, sans-serif;\"><span style=\"font-size: medium;\"><b>1 &#8211; Maior produtividade e qualidade nas tarefas;<\/b><\/span><\/span><\/span><\/strong><span style=\"color: #000000;\"><span style=\"font-family: Arial, sans-serif;\"><span style=\"font-size: medium;\"><br \/>\n<\/span><\/span><\/span><\/p>\n<p><strong><span style=\"color: #000000;\"><span style=\"font-family: Arial, sans-serif;\"><span style=\"font-size: medium;\"><b>2 &#8211; Foco nas tarefas\u00a0da empresa;<\/b><\/span><\/span><\/span><\/strong><\/p>\n<p><strong><span style=\"color: #000000;\"><span style=\"font-family: Arial, sans-serif;\"><span style=\"font-size: medium;\"><b>3 &#8211; Prote\u00e7\u00e3o contra amea\u00e7as na internet;<\/b><\/span><\/span><\/span><\/strong><\/p>\n<p><strong><span style=\"color: #000000;\"><span style=\"font-family: Arial, sans-serif;\"><span style=\"font-size: medium;\"><b>4 &#8211; Menor ocorr\u00eancia de problemas com v\u00edrus e malwares;<\/b><\/span><\/span><\/span><\/strong><\/p>\n<p><strong><span style=\"color: #000000;\"><span style=\"font-family: Arial, sans-serif;\"><span style=\"font-size: medium;\"><b>5 &#8211; Internet mais r\u00e1pida;<\/b><\/span><\/span><\/span><\/strong><\/p>\n<p><strong><span style=\"color: #000000;\"><span style=\"font-family: Arial, sans-serif;\"><span style=\"font-size: medium;\"><b>6 &#8211; Monitoramento e informa\u00e7\u00f5es sobre a\u00a0utiliza\u00e7\u00e3o da internet;<\/b><\/span><\/span><\/span><\/strong><\/p>\n<p><strong><span style=\"color: #000000;\"><span style=\"font-family: Arial, sans-serif;\"><span style=\"font-size: medium;\"><b>7 &#8211; Melhor desempenho dos sistemas e computadores;<\/b><\/span><\/span><\/span><\/strong><\/p>\n<p><strong><span style=\"color: #000000;\"><span style=\"font-family: Arial, sans-serif;\"><span style=\"font-size: medium;\"><b>8 &#8211; Menos custos com manuten\u00e7\u00e3o de equipamentos;<\/b><\/span><\/span><\/span><\/strong><\/p>\n<p>&nbsp;<\/p>\n<hr \/>\n<p style=\"text-align: center;\"><span style=\"font-family: Arial; font-size: medium;\">Para maiores informa\u00e7\u00f5es entre em <a href=\"http:\/\/www.waconsulti.com.br\/home\/contato\/\"><strong><span style=\"color: #ff6600;\">CONTATO<\/span><\/strong><\/a> com nossa equipe.<\/span><\/p>\n","protected":false},"excerpt":{"rendered":"<p>CONTROLE TOTAL DE INTERNET WA|NETCONTROL Mantenha o acesso a INTERNET da sua empresa sob total controle, tornando sua infraestrutura mais segura. &nbsp; 8 benef\u00edcios do controle de acesso \u00e0 internet nas empresas. No ambiente de trabalho atual das empresas, boa parte dos colaboradores permanecem conectados \u00e0 Internet durante praticamente todo o tempo de trabalho, pois [&hellip;]<\/p>\n","protected":false},"author":1,"featured_media":0,"parent":0,"menu_order":0,"comment_status":"closed","ping_status":"closed","template":"fullwidth.php","meta":[],"_links":{"self":[{"href":"https:\/\/www.waconsulti.com.br\/home\/wp-json\/wp\/v2\/pages\/16"}],"collection":[{"href":"https:\/\/www.waconsulti.com.br\/home\/wp-json\/wp\/v2\/pages"}],"about":[{"href":"https:\/\/www.waconsulti.com.br\/home\/wp-json\/wp\/v2\/types\/page"}],"author":[{"embeddable":true,"href":"https:\/\/www.waconsulti.com.br\/home\/wp-json\/wp\/v2\/users\/1"}],"replies":[{"embeddable":true,"href":"https:\/\/www.waconsulti.com.br\/home\/wp-json\/wp\/v2\/comments?post=16"}],"version-history":[{"count":10,"href":"https:\/\/www.waconsulti.com.br\/home\/wp-json\/wp\/v2\/pages\/16\/revisions"}],"predecessor-version":[{"id":251,"href":"https:\/\/www.waconsulti.com.br\/home\/wp-json\/wp\/v2\/pages\/16\/revisions\/251"}],"wp:attachment":[{"href":"https:\/\/www.waconsulti.com.br\/home\/wp-json\/wp\/v2\/media?parent=16"}],"curies":[{"name":"wp","href":"https:\/\/api.w.org\/{rel}","templated":true}]}}