{"id":254,"date":"2018-07-24T17:35:02","date_gmt":"2018-07-24T17:35:02","guid":{"rendered":"http:\/\/www.waconsulti.com.br\/home\/?page_id=254"},"modified":"2018-09-10T13:07:43","modified_gmt":"2018-09-10T13:07:43","slug":"area-do-cliente","status":"publish","type":"page","link":"https:\/\/www.waconsulti.com.br\/home\/area-do-cliente\/","title":{"rendered":"\u00c1rea do cliente"},"content":{"rendered":"<h1><img decoding=\"async\" loading=\"lazy\" class=\"alignnone wp-image-256 \" src=\"http:\/\/www.waconsulti.com.br\/home\/wp-content\/uploads\/2018\/07\/social-care-150x150.png\" alt=\"\" width=\"160\" height=\"160\" srcset=\"https:\/\/www.waconsulti.com.br\/home\/wp-content\/uploads\/2018\/07\/social-care-150x150.png 150w, https:\/\/www.waconsulti.com.br\/home\/wp-content\/uploads\/2018\/07\/social-care-300x300.png 300w, https:\/\/www.waconsulti.com.br\/home\/wp-content\/uploads\/2018\/07\/social-care.png 512w\" sizes=\"(max-width: 160px) 100vw, 160px\" \/><\/h1>\n<p>&nbsp;<\/p>\n<h1 style=\"text-align: center;\"><span style=\"color: #ff9900;\">\u00c1REA EXCLUSIVA<\/span><\/h1>\n<p style=\"text-align: center;\">Nesta \u00e1rea exclusiva para clientes waconsulTI, tenha acesso aos nossos portais e downloads.<\/p>\n<hr \/>\n<p>&nbsp;<\/p>\n<p style=\"text-align: center;\"><img decoding=\"async\" loading=\"lazy\" class=\"alignnone wp-image-261\" src=\"http:\/\/www.waconsulti.com.br\/home\/wp-content\/uploads\/2018\/07\/support-300x300.png\" alt=\"\" width=\"115\" height=\"115\" srcset=\"https:\/\/www.waconsulti.com.br\/home\/wp-content\/uploads\/2018\/07\/support-300x300.png 300w, https:\/\/www.waconsulti.com.br\/home\/wp-content\/uploads\/2018\/07\/support-150x150.png 150w, https:\/\/www.waconsulti.com.br\/home\/wp-content\/uploads\/2018\/07\/support.png 512w\" sizes=\"(max-width: 115px) 100vw, 115px\" \/>\u00a0<a href=\"http:\/\/www.waconsulti.com.br\/suporte\/\" target=\"_blank\" rel=\"noopener\">Abertura de Ticket<\/a><\/p>\n<p>&nbsp;<\/p>\n<p style=\"text-align: center;\">\n<p style=\"text-align: center;\"><img decoding=\"async\" loading=\"lazy\" class=\"alignnone wp-image-262\" src=\"http:\/\/www.waconsulti.com.br\/home\/wp-content\/uploads\/2018\/07\/download-300x300.png\" alt=\"\" width=\"115\" height=\"115\" srcset=\"https:\/\/www.waconsulti.com.br\/home\/wp-content\/uploads\/2018\/07\/download-300x300.png 300w, https:\/\/www.waconsulti.com.br\/home\/wp-content\/uploads\/2018\/07\/download-150x150.png 150w, https:\/\/www.waconsulti.com.br\/home\/wp-content\/uploads\/2018\/07\/download.png 512w\" sizes=\"(max-width: 115px) 100vw, 115px\" \/>\u00a0<a href=\"http:\/\/www.waconsulti.com.br\/publico\/\" target=\"_blank\" rel=\"noopener\">\u00c1rea de downloads<\/a><\/p>\n<p>&nbsp;<\/p>\n<hr \/>\n<p style=\"text-align: center;\"><span style=\"font-family: Arial; font-size: medium;\">Para maiores informa\u00e7\u00f5es entre em <a href=\"http:\/\/www.waconsulti.com.br\/home\/contato\/\"><strong><span style=\"color: #ff6600;\">CONTATO<\/span><\/strong><\/a> com nossa equipe.<\/span><\/p>\n","protected":false},"excerpt":{"rendered":"<p>&nbsp; \u00c1REA EXCLUSIVA Nesta \u00e1rea exclusiva para clientes waconsulTI, tenha acesso aos nossos portais e downloads. &nbsp; \u00a0Abertura de Ticket &nbsp; \u00a0\u00c1rea de downloads &nbsp; Para maiores informa\u00e7\u00f5es entre em CONTATO com nossa equipe.<\/p>\n","protected":false},"author":1,"featured_media":0,"parent":0,"menu_order":0,"comment_status":"closed","ping_status":"closed","template":"fullwidth.php","meta":[],"_links":{"self":[{"href":"https:\/\/www.waconsulti.com.br\/home\/wp-json\/wp\/v2\/pages\/254"}],"collection":[{"href":"https:\/\/www.waconsulti.com.br\/home\/wp-json\/wp\/v2\/pages"}],"about":[{"href":"https:\/\/www.waconsulti.com.br\/home\/wp-json\/wp\/v2\/types\/page"}],"author":[{"embeddable":true,"href":"https:\/\/www.waconsulti.com.br\/home\/wp-json\/wp\/v2\/users\/1"}],"replies":[{"embeddable":true,"href":"https:\/\/www.waconsulti.com.br\/home\/wp-json\/wp\/v2\/comments?post=254"}],"version-history":[{"count":8,"href":"https:\/\/www.waconsulti.com.br\/home\/wp-json\/wp\/v2\/pages\/254\/revisions"}],"predecessor-version":[{"id":276,"href":"https:\/\/www.waconsulti.com.br\/home\/wp-json\/wp\/v2\/pages\/254\/revisions\/276"}],"wp:attachment":[{"href":"https:\/\/www.waconsulti.com.br\/home\/wp-json\/wp\/v2\/media?parent=254"}],"curies":[{"name":"wp","href":"https:\/\/api.w.org\/{rel}","templated":true}]}}