{"id":357,"date":"2019-09-09T01:39:50","date_gmt":"2019-09-09T01:39:50","guid":{"rendered":"http:\/\/www.waconsulti.com.br\/home\/?page_id=357"},"modified":"2019-09-09T01:42:54","modified_gmt":"2019-09-09T01:42:54","slug":"office365","status":"publish","type":"page","link":"https:\/\/www.waconsulti.com.br\/home\/office365\/","title":{"rendered":"WA|OFFICE 365"},"content":{"rendered":"\n<figure class=\"wp-block-image\"><img decoding=\"async\" src=\"http:\/\/www.waconsulti.com.br\/home\/wp-content\/uploads\/2019\/09\/Untitled-1-1.png\" alt=\"\" class=\"wp-image-364\"\/><\/figure>\n\n\n<h2 style=\"text-align: center;\"><span style=\"color: #ff6600;\">Microsoft Office 365<\/span><\/h2>\n<p style=\"text-align: center;\"><span style=\"color: #ff6600;\">Conhe\u00e7a o seu escrit\u00f3rio do futuro.<\/span><\/p>\n<p>Com os aplicativos do Office que voc\u00ea j\u00e1 conhece e os benef\u00edcios da nuvem, o Office 365 permite que voc\u00ea administre sua empresa em qualquer lugar e a qualquer hora. Esses servi\u00e7os online s\u00e3o projetados para fornecer \u00e0 sua empresa comunica\u00e7\u00e3o simplificada com alta disponibilidade, seguran\u00e7a abrangente e gerenciamento simplificado de TI. Conte com uma tecnologia sempre atualizada e que reduz a necessidade de investimentos em infraestrutura.<\/p>\n\n\n<div class=\"wp-block-image\"><figure class=\"aligncenter\"><img decoding=\"async\" loading=\"lazy\" width=\"354\" height=\"71\" src=\"http:\/\/www.waconsulti.com.br\/home\/wp-content\/uploads\/2019\/09\/apps-office-365.png\" alt=\"\" class=\"wp-image-368\" srcset=\"https:\/\/www.waconsulti.com.br\/home\/wp-content\/uploads\/2019\/09\/apps-office-365.png 354w, https:\/\/www.waconsulti.com.br\/home\/wp-content\/uploads\/2019\/09\/apps-office-365-300x60.png 300w\" sizes=\"(max-width: 354px) 100vw, 354px\" \/><\/figure><\/div>\n\n\n\n<div class=\"wp-block-image\"><figure class=\"aligncenter is-resized\"><img decoding=\"async\" loading=\"lazy\" src=\"http:\/\/www.waconsulti.com.br\/home\/wp-content\/uploads\/2019\/09\/2.png\" alt=\"\" class=\"wp-image-370\" width=\"274\" height=\"55\" srcset=\"https:\/\/www.waconsulti.com.br\/home\/wp-content\/uploads\/2019\/09\/2.png 354w, https:\/\/www.waconsulti.com.br\/home\/wp-content\/uploads\/2019\/09\/2-300x60.png 300w\" sizes=\"(max-width: 274px) 100vw, 274px\" \/><\/figure><\/div>\n\n\n\n<div class=\"wp-block-image\"><figure class=\"aligncenter is-resized\"><img decoding=\"async\" loading=\"lazy\" src=\"http:\/\/www.waconsulti.com.br\/home\/wp-content\/uploads\/2019\/09\/4.png\" alt=\"\" class=\"wp-image-371\" width=\"247\" height=\"68\" srcset=\"https:\/\/www.waconsulti.com.br\/home\/wp-content\/uploads\/2019\/09\/4.png 316w, https:\/\/www.waconsulti.com.br\/home\/wp-content\/uploads\/2019\/09\/4-300x83.png 300w\" sizes=\"(max-width: 247px) 100vw, 247px\" \/><\/figure><\/div>\n\n\n<h2><span style=\"color: #ff6600;\">MOBILIDADE<\/span><\/h2>\n<p style=\"text-align: left;\">O Office 365 permite acesso remoto a programas e a execu\u00e7\u00e3o de diferentes tipos de tarefas pela Internet. Ou seja, voc\u00ea e os colaboradores da sua empresa podem trabalhar de onde e quando quiserem, acessando rapidamente todos os dados da empresa no smartphone, tablet, notebook etc.<\/p>\n<h2><span style=\"color: #ff6600;\">SEGURAN\u00c7A DOS DADOS<\/span><\/h2>\n<p>Quando se tem os dados de sua empresa em uma m\u00e1quina f\u00edsica, voc\u00ea fica exposto a incidentes como roubo de equipamentos port\u00e1teis, ataques cibern\u00e9ticos, falha de disco r\u00edgido, erros humanos e por meios naturais, ocasionando a perda de todos os seus dados. Com a tecnologia do Office 365, os seus dados estar\u00e3o totalmente seguros armazenados e gerenciados nos Data centers da Microsoft.<\/p>\n<h2><span style=\"color: #ff6600;\">PRODUTIVIDADE CORPORATIVA<\/span><\/h2>\n<p>Tenha os recursos mais recentes em termos de e-mail corporativo, confer\u00eancia via Web, mensagens instant\u00e2neas, colabora\u00e7\u00e3o de documentos e fluxo de trabalho.<\/p>\n<h2><span style=\"color: #ff6600;\">REDU\u00c7\u00c3O DOS CUSTOS<\/span><\/h2>\n<p>A tecnologia pode ser a sua aliada para reduzir custos desde em transporte de funcion\u00e1rios, loca\u00e7\u00e3o de salas para reuni\u00e3o at\u00e9 o tempo de escalar e flexibilizar o gerenciamento, cancelamento e aberturas de novas contas de e-mail, por exemplo.<\/p>\n<h3 style=\"text-align: center;\">CONHE\u00c7A O MELHOR PLANO PARA A SUA EMPRESA.<\/h3>\n<p style=\"text-align: center;\">Conte com a nossa consultoria para identificar qual o melhor plano para a sua empresa.<\/p>\n\n\n<hr class=\"wp-block-separator\"\/>\n\n\n\n<p style=\"text-align:center\">Para maiores informa\u00e7\u00f5es entre em <a href=\"http:\/\/www.waconsulti.com.br\/home\/contato\/\"><strong>CONTATO<\/strong><\/a> com nossa equipe.<\/p>\n","protected":false},"excerpt":{"rendered":"<p>Microsoft Office 365 Conhe\u00e7a o seu escrit\u00f3rio do futuro. Com os aplicativos do Office que voc\u00ea j\u00e1 conhece e os benef\u00edcios da nuvem, o Office 365 permite que voc\u00ea administre sua empresa em qualquer lugar e a qualquer hora. Esses servi\u00e7os online s\u00e3o projetados para fornecer \u00e0 sua empresa comunica\u00e7\u00e3o simplificada com alta disponibilidade, seguran\u00e7a [&hellip;]<\/p>\n","protected":false},"author":1,"featured_media":0,"parent":0,"menu_order":0,"comment_status":"closed","ping_status":"closed","template":"fullwidth.php","meta":[],"_links":{"self":[{"href":"https:\/\/www.waconsulti.com.br\/home\/wp-json\/wp\/v2\/pages\/357"}],"collection":[{"href":"https:\/\/www.waconsulti.com.br\/home\/wp-json\/wp\/v2\/pages"}],"about":[{"href":"https:\/\/www.waconsulti.com.br\/home\/wp-json\/wp\/v2\/types\/page"}],"author":[{"embeddable":true,"href":"https:\/\/www.waconsulti.com.br\/home\/wp-json\/wp\/v2\/users\/1"}],"replies":[{"embeddable":true,"href":"https:\/\/www.waconsulti.com.br\/home\/wp-json\/wp\/v2\/comments?post=357"}],"version-history":[{"count":14,"href":"https:\/\/www.waconsulti.com.br\/home\/wp-json\/wp\/v2\/pages\/357\/revisions"}],"predecessor-version":[{"id":377,"href":"https:\/\/www.waconsulti.com.br\/home\/wp-json\/wp\/v2\/pages\/357\/revisions\/377"}],"wp:attachment":[{"href":"https:\/\/www.waconsulti.com.br\/home\/wp-json\/wp\/v2\/media?parent=357"}],"curies":[{"name":"wp","href":"https:\/\/api.w.org\/{rel}","templated":true}]}}