{"id":446,"date":"2021-02-25T02:02:35","date_gmt":"2021-02-25T02:02:35","guid":{"rendered":"https:\/\/www.waconsulti.com.br\/home\/?page_id=446"},"modified":"2021-02-25T02:42:28","modified_gmt":"2021-02-25T02:42:28","slug":"area-lgpd","status":"publish","type":"page","link":"https:\/\/www.waconsulti.com.br\/home\/area-lgpd\/","title":{"rendered":"\u00c1rea LGPD"},"content":{"rendered":"\n<p><strong>O QUE \u00c9 A LGPD?<\/strong><\/p>\n\n\n\n<p>A Lei Geral de Prote\u00e7\u00e3o de Dados Pessoais (LGPD) estabelece diretrizes importantes e obrigat\u00f3rias para a&nbsp;<strong>coleta, processamento e armazenamento de dados pessoais.<\/strong>&nbsp;Ela foi inspirada na GDPR (General Data Protection Regulation), que entrou em vig\u00eancia em 2018 na Uni\u00e3o Europeia, trazendo grandes impactos para empresas e consumidores.<\/p>\n\n\n\n<p><strong>No Brasil, a LGPD&nbsp;(<a rel=\"noreferrer noopener\" href=\"http:\/\/www.planalto.gov.br\/ccivil_03\/_ato2015-2018\/2018\/lei\/L13709.htm\" target=\"_blank\">Lei n\u00ba 13.709, de 14\/8\/2018<\/a>)&nbsp;<\/strong>entrou em vigor em 18 de setembro de 2020, representando um passo importante para o Brasil. Com isso, passamos a fazer parte de um grupo de pa\u00edses que contam com uma&nbsp;<strong>legisla\u00e7\u00e3o espec\u00edfica para a prote\u00e7\u00e3o de dados dos seus cidad\u00e3os.<\/strong>&nbsp;Diante dos atuais casos de uso indevido, comercializa\u00e7\u00e3o e vazamento de dados, as&nbsp;<strong>novas regras garantem a privacidade dos brasileiros,<\/strong>&nbsp;al\u00e9m de evitar&nbsp;entraves&nbsp;comerciais com outros pa\u00edses.<\/p>\n\n\n\n<p>A&nbsp;<strong>legisla\u00e7\u00e3o<\/strong>&nbsp;se fundamenta em diversos valores e tem como<strong>&nbsp;principais objetivos<\/strong>:<\/p>\n\n\n\n<ul><li>Assegurar o&nbsp;<strong>direito \u00e0 privacidade e \u00e0 prote\u00e7\u00e3o de dados pessoais dos usu\u00e1rios<\/strong>, por meio de pr\u00e1ticas transparentes e seguras, garantindo direitos fundamentais.<\/li><li>Estabelecer&nbsp;<strong>regras claras sobre o tratamento de dados pessoais<\/strong>.<\/li><li>Fortalecer a&nbsp;<strong>seguran\u00e7a das rela\u00e7\u00f5es jur\u00eddicas e a confian\u00e7a do titular no tratamento de dados<\/strong>&nbsp;pessoais, garantindo a livre iniciativa, a livre concorr\u00eancia e a defesa das rela\u00e7\u00f5es comerciais e de consumo.<\/li><li>Promover a concorr\u00eancia e a livre atividade econ\u00f4mica, inclusive com&nbsp;<strong>portabilidade de dados<\/strong>.<\/li><\/ul>\n\n\n\n<hr class=\"wp-block-separator\"\/>\n\n\n\n<p><strong>POL\u00cdTICA DE PRIVACIDADE<\/strong><\/p>\n\n\n\n<p>A waconsulTI reconhece a import\u00e2ncia da privacidade de dados pessoais e, em atendimento \u00e0 Lei Geral de Prote\u00e7\u00e3o de Dados Pessoais \u2013 LGPD, deseja que voc\u00ea se familiarize com a maneira como h\u00e1 a coleta, o armazenamento e o tratamento dos seus dados. Esta Pol\u00edtica de Privacidade descreve as pr\u00e1ticas adotadas quanto aos dados coletados em formul\u00e1rios impressos ou digitais por meio do website, operados e controlados pela waconsulTI.<\/p>\n\n\n\n<p>Encarregados pelo Tratamento de Dados Pessoais (Artigo 41 &#8211; Lei 13.709\/2018 &#8211; LGPD:<\/p>\n\n\n\n<p><strong>1 &#8211; Dr. Andr\u00e9 Teixeira da Costa &#8211; DPO &#8211; <\/strong>andre.teixeira@waconsulti.com.br<\/p>\n\n\n\n<p><a href=\"https:\/\/www.waconsulti.com.br\/home\/politica-de-privacidade\/\" target=\"_blank\" rel=\"noreferrer noopener\">CLIQUE AQUI<\/a> para download da Pol\u00edtica de Privacidade da waconsulTI.<\/p>\n","protected":false},"excerpt":{"rendered":"<p>O QUE \u00c9 A LGPD? A Lei Geral de Prote\u00e7\u00e3o de Dados Pessoais (LGPD) estabelece diretrizes importantes e obrigat\u00f3rias para a&nbsp;coleta, processamento e armazenamento de dados pessoais.&nbsp;Ela foi inspirada na GDPR (General Data Protection Regulation), que entrou em vig\u00eancia em 2018 na Uni\u00e3o Europeia, trazendo grandes impactos para empresas e consumidores. No Brasil, a LGPD&nbsp;(Lei [&hellip;]<\/p>\n","protected":false},"author":1,"featured_media":0,"parent":0,"menu_order":0,"comment_status":"closed","ping_status":"closed","template":"fullwidth.php","meta":[],"_links":{"self":[{"href":"https:\/\/www.waconsulti.com.br\/home\/wp-json\/wp\/v2\/pages\/446"}],"collection":[{"href":"https:\/\/www.waconsulti.com.br\/home\/wp-json\/wp\/v2\/pages"}],"about":[{"href":"https:\/\/www.waconsulti.com.br\/home\/wp-json\/wp\/v2\/types\/page"}],"author":[{"embeddable":true,"href":"https:\/\/www.waconsulti.com.br\/home\/wp-json\/wp\/v2\/users\/1"}],"replies":[{"embeddable":true,"href":"https:\/\/www.waconsulti.com.br\/home\/wp-json\/wp\/v2\/comments?post=446"}],"version-history":[{"count":10,"href":"https:\/\/www.waconsulti.com.br\/home\/wp-json\/wp\/v2\/pages\/446\/revisions"}],"predecessor-version":[{"id":465,"href":"https:\/\/www.waconsulti.com.br\/home\/wp-json\/wp\/v2\/pages\/446\/revisions\/465"}],"wp:attachment":[{"href":"https:\/\/www.waconsulti.com.br\/home\/wp-json\/wp\/v2\/media?parent=446"}],"curies":[{"name":"wp","href":"https:\/\/api.w.org\/{rel}","templated":true}]}}