{"id":459,"date":"2021-02-25T02:39:02","date_gmt":"2021-02-25T02:39:02","guid":{"rendered":"https:\/\/www.waconsulti.com.br\/home\/?page_id=459"},"modified":"2021-02-25T03:19:01","modified_gmt":"2021-02-25T03:19:01","slug":"politica-de-privacidade","status":"publish","type":"page","link":"https:\/\/www.waconsulti.com.br\/home\/politica-de-privacidade\/","title":{"rendered":"Pol\u00edtica de privacidade"},"content":{"rendered":"\n<p>A waconsulTI reconhece a import\u00e2ncia da privacidade de dados pessoais e, em atendimento \u00e0 Lei Geral de Prote\u00e7\u00e3o de Dados Pessoais \u2013 LGPD, deseja que voc\u00ea se familiarize com a maneira como h\u00e1 a coleta, o armazenamento e o tratamento dos seus dados. Esta Pol\u00edtica de Privacidade descreve as pr\u00e1ticas adotadas quanto aos dados coletados em formul\u00e1rios impressos ou digitais por meio do website, operados e controlados pela waconsulTI.<\/p>\n\n\n\n<p>Esta Pol\u00edtica de Privacidade descreve as pr\u00e1ticas adotadas quanto aos dados coletados em formul\u00e1rios impressos ou digitais por meio do website, operados e controlados pela waconsulTI.<br>Ao fornecer os seus dados pessoais \u00e0 waconsulTI, voc\u00ea aceita os termos e condi\u00e7\u00f5es desta Pol\u00edtica de Privacidade.<\/p>\n\n\n\n<h3>Quais dados pessoais coletamos e porque<\/h3>\n\n\n\n<p>Ao coletar os seus dados pessoais, como: nome, e-mail, telefones de contato e ID Teamviewer estes dados ser\u00e3o utilizados exclusivamente para execu\u00e7\u00e3o dos contratos, para suporte da nossa equipe interna ou terceiros, desde que previamente informado.<\/p>\n\n\n\n<h3>Coment\u00e1rios<\/h3>\n\n\n\n<p>Quando os visitantes deixam coment\u00e1rios no site, coletamos os dados mostrados no formul\u00e1rio de coment\u00e1rios, al\u00e9m do endere\u00e7o de IP e de dados do navegador do visitante, para auxiliar na detec\u00e7\u00e3o de spam.<\/p>\n\n\n\n<p>Uma sequ\u00eancia anonimizada de caracteres criada a partir do seu e-mail (tamb\u00e9m chamada de hash) poder\u00e1 ser enviada para o Gravatar para verificar se voc\u00ea usa o servi\u00e7o. A pol\u00edtica de privacidade do Gravatar est\u00e1 dispon\u00edvel aqui: https:\/\/automattic.com\/privacy\/. Depois da aprova\u00e7\u00e3o do seu coment\u00e1rio, a foto do seu perfil fica vis\u00edvel publicamente junto de seu coment\u00e1rio.<\/p>\n\n\n\n<h3>M\u00eddia<\/h3>\n\n\n\n<p>Se voc\u00ea envia imagens para o site, evite enviar as que contenham dados de localiza\u00e7\u00e3o incorporados (EXIF GPS). Visitantes podem baixar estas imagens do site e extrair delas seus dados de localiza\u00e7\u00e3o.<\/p>\n\n\n\n<h3>Cookies<\/h3>\n\n\n\n<p>Ao deixar um coment\u00e1rio no site, voc\u00ea poder\u00e1 optar por salvar seu nome, e-mail e site nos cookies. Isso visa seu conforto, assim voc\u00ea n\u00e3o precisar\u00e1 preencher seus  dados novamente quando fizer outro coment\u00e1rio. Estes cookies duram um ano.<\/p>\n\n\n\n<p>Se voc\u00ea editar ou publicar um artigo, um cookie adicional ser\u00e1 salvo no seu navegador. Este cookie n\u00e3o inclui nenhum dado pessoal e simplesmente indica o ID do post referente ao artigo que voc\u00ea acabou de editar. Ele expira depois de 1 dia.<\/p>\n\n\n\n<h3>M\u00eddia incorporada de outros sites<\/h3>\n\n\n\n<p>Artigos neste site podem incluir conte\u00fado incorporado como, por exemplo, v\u00eddeos, imagens, artigos, etc. Conte\u00fados incorporados de outros sites se comportam exatamente da mesma forma como se o visitante estivesse visitando o outro site.<\/p>\n\n\n\n<p>Estes sites podem coletar dados sobre voc\u00ea, usar cookies, incorporar rastreamento adicional de terceiros e monitorar sua intera\u00e7\u00e3o com este conte\u00fado incorporado, incluindo sua intera\u00e7\u00e3o com o conte\u00fado incorporado se voc\u00ea tem uma conta e est\u00e1 conectado com o site.<\/p>\n\n\n\n<h3>An\u00e1lises<\/h3>\n\n\n\n<h3>Com quem partilhamos seus dados<\/h3>\n\n\n\n<p>Por quanto tempo mantemos os seus dados<\/p>\n\n\n\n<p>Se voc\u00ea deixar um coment\u00e1rio, o coment\u00e1rio e os seus metadados s\u00e3o conservados indefinidamente. Fazemos isso para que seja poss\u00edvel reconhecer e aprovar automaticamente qualquer coment\u00e1rio posterior ao inv\u00e9s de ret\u00ea-lo para modera\u00e7\u00e3o.<\/p>\n\n\n\n<p>Para usu\u00e1rios que se registram no nosso site (se houver), tamb\u00e9m guardamos as informa\u00e7\u00f5es pessoais que fornecem no seu perfil de usu\u00e1rio. Todos os usu\u00e1rios podem ver, editar ou excluir suas informa\u00e7\u00f5es pessoais a qualquer momento (s\u00f3 n\u00e3o \u00e9 poss\u00edvel alterar o seu username). Os administradores de sites tamb\u00e9m podem ver e editar estas informa\u00e7\u00f5es.<\/p>\n\n\n\n<h3>Quais os seus direitos sobre seus dados<\/h3>\n\n\n\n<p>Se voc\u00ea tiver uma conta neste site ou se tiver deixado coment\u00e1rios, pode solicitar um arquivo exportado dos dados pessoais que mantemos sobre voc\u00ea, inclusive quaisquer dados que nos tenha fornecido. Tamb\u00e9m pode solicitar que removamos qualquer dado pessoal que mantemos sobre voc\u00ea. Isto n\u00e3o inclui nenhuns dados que somos obrigados a manter para prop\u00f3sitos administrativos, legais ou de seguran\u00e7a.<\/p>\n\n\n\n<h3>Para onde enviamos seus dados<\/h3>\n\n\n\n<p>Coment\u00e1rios de visitantes podem ser marcados por um servi\u00e7o autom\u00e1tico de detec\u00e7\u00e3o de spam.<\/p>\n\n\n\n<h3>Direitos dos titulares<\/h3>\n\n\n\n<p>Em conformidade ao artigo 18 da LGPD, os direitos dos titulares de dados pessoais, s\u00e3o preferencialmente atendidos atrav\u00e9s do formul\u00e1rio existente no website da waconsulTI. <br>A portabilidade dos dados a outro fornecedor de servi\u00e7o ou produto, pode ser executada mediante solicita\u00e7\u00e3o dos dados pessoais no formul\u00e1rio existente no website. O arquivo emitido ao titular ser\u00e1 em formato csv.<br>A elimina\u00e7\u00e3o dos dados pessoais pode ser solicitada mediante sele\u00e7\u00e3o da op\u00e7\u00e3o \u201cexcluir perfil\u201d, a qual est\u00e1 dispon\u00edvel no formul\u00e1rio de direitos dos titulares no website na se\u00e7\u00e3o \u00c1rea LGPD.<br>Ap\u00f3s a requisi\u00e7\u00e3o de exclus\u00e3o dos dados, esta \u00e9 encaminhada para an\u00e1lise e execu\u00e7\u00e3o em at\u00e9 dez dias, de forma definitiva, exceto por algumas das hip\u00f3teses previstas no artigo 16 da LGPD ou pelo motivo de atraso ou inadimpl\u00eancia, sendo cab\u00edvel pela waconsulTI eventual medida judicial para tanto.<\/p>\n\n\n\n<h3>Como protegemos seus dados<\/h3>\n\n\n\n<p>A waconsulTI adota as melhores pr\u00e1ticas de Seguran\u00e7a da Informa\u00e7\u00e3o, priorizando a<br>seguran\u00e7a e prote\u00e7\u00e3o dos dados pessoais de seus clientes, colaboradores e parceiiros de neg\u00f3cios.<br>\u00c9 priorizada a anonimiza\u00e7\u00e3o dos dados pessoais, em casos espec\u00edficos de an\u00e1lise de<br>dados, e a ado\u00e7\u00e3o de medidas t\u00e9cnicas como preven\u00e7\u00e3o \u00e0 viola\u00e7\u00e3o da privacidade dos<br>dados pessoais.<br>Ap\u00f3s o t\u00e9rmino de seu contrato, v\u00ednculo empregat\u00edcio, parceria de neg\u00f3cio a waconsulTI reserva-se no direito de excluir os seus dados, obedecendo todas as diretrizes legais.<\/p>\n\n\n\n<p><strong>Encarregado pelo Tratamento de Dados Pessoais:<\/strong><br><br>Conforme previsto no artigo 41 da Lei Geral de Prote\u00e7\u00e3o de Dados, o encarregado pelo tratamento de dados pessoais na waconsulTI fica aqui publicado para execu\u00e7\u00e3o das atividades e  responsabilidades presentes na LGPD. Nomeados:<\/p>\n\n\n\n<p><strong>1 &#8211; Dr. Andr\u00e9 Teixeira &#8211; DPO<\/strong> &#8211; andre.teixeira@waconsulti.com.br<\/p>\n\n\n\n<h3><\/h3>\n\n\n\n<h3><\/h3>\n","protected":false},"excerpt":{"rendered":"<p>A waconsulTI reconhece a import\u00e2ncia da privacidade de dados pessoais e, em atendimento \u00e0 Lei Geral de Prote\u00e7\u00e3o de Dados Pessoais \u2013 LGPD, deseja que voc\u00ea se familiarize com a maneira como h\u00e1 a coleta, o armazenamento e o tratamento dos seus dados. Esta Pol\u00edtica de Privacidade descreve as pr\u00e1ticas adotadas quanto aos dados coletados [&hellip;]<\/p>\n","protected":false},"author":1,"featured_media":0,"parent":0,"menu_order":0,"comment_status":"closed","ping_status":"closed","template":"fullwidth.php","meta":[],"_links":{"self":[{"href":"https:\/\/www.waconsulti.com.br\/home\/wp-json\/wp\/v2\/pages\/459"}],"collection":[{"href":"https:\/\/www.waconsulti.com.br\/home\/wp-json\/wp\/v2\/pages"}],"about":[{"href":"https:\/\/www.waconsulti.com.br\/home\/wp-json\/wp\/v2\/types\/page"}],"author":[{"embeddable":true,"href":"https:\/\/www.waconsulti.com.br\/home\/wp-json\/wp\/v2\/users\/1"}],"replies":[{"embeddable":true,"href":"https:\/\/www.waconsulti.com.br\/home\/wp-json\/wp\/v2\/comments?post=459"}],"version-history":[{"count":11,"href":"https:\/\/www.waconsulti.com.br\/home\/wp-json\/wp\/v2\/pages\/459\/revisions"}],"predecessor-version":[{"id":482,"href":"https:\/\/www.waconsulti.com.br\/home\/wp-json\/wp\/v2\/pages\/459\/revisions\/482"}],"wp:attachment":[{"href":"https:\/\/www.waconsulti.com.br\/home\/wp-json\/wp\/v2\/media?parent=459"}],"curies":[{"name":"wp","href":"https:\/\/api.w.org\/{rel}","templated":true}]}}