{"id":7,"date":"2018-01-23T00:38:33","date_gmt":"2018-01-23T00:38:33","guid":{"rendered":"http:\/\/www.waconsulti.com.br\/home\/?page_id=7"},"modified":"2018-07-24T18:02:36","modified_gmt":"2018-07-24T18:02:36","slug":"empresa","status":"publish","type":"page","link":"https:\/\/www.waconsulti.com.br\/home\/empresa\/","title":{"rendered":"Quem Somos"},"content":{"rendered":"<h2><img decoding=\"async\" loading=\"lazy\" class=\"wp-image-236 size-thumbnail alignnone\" src=\"http:\/\/www.waconsulti.com.br\/home\/wp-content\/uploads\/2018\/07\/image-150x150.png\" alt=\"\" width=\"150\" height=\"150\" srcset=\"https:\/\/www.waconsulti.com.br\/home\/wp-content\/uploads\/2018\/07\/image-150x150.png 150w, https:\/\/www.waconsulti.com.br\/home\/wp-content\/uploads\/2018\/07\/image-300x300.png 300w, https:\/\/www.waconsulti.com.br\/home\/wp-content\/uploads\/2018\/07\/image.png 512w\" sizes=\"(max-width: 150px) 100vw, 150px\" \/><\/h2>\n<h2><\/h2>\n<p>&nbsp;<\/p>\n<h2 style=\"text-align: justify;\"><span style=\"color: #ff6600;\"><strong>A EMPRESA<\/strong><\/span><\/h2>\n<p><span style=\"font-family: Arial; font-size: medium;\"><br \/>\nA <strong>waconsul<span style=\"color: #ff9900;\">TI<\/span><\/strong>, especializada em servi\u00e7os de <strong>TI<\/strong>, atua desenvolvendo Projetos e Solu\u00e7\u00f5es inovadoras para as empresas, sempre buscando excel\u00eancia nas atividades que desenvolve.<\/span><\/p>\n<p>Nossas solu\u00e7\u00f5es buscam a efetiva melhoria das atividades organizacionais, contribuindo para redu\u00e7\u00e3o de custos, aumento de produtividade e a garantia dos melhores investimentos em tecnologia.<\/p>\n<p style=\"text-align: justify;\">Dia ap\u00f3s dia oferecemos solu\u00e7\u00f5es inovadoras com um suporte sob medida para que as empresas desenvolvam suas atividades da melhor forma poss\u00edvel.<\/p>\n<hr \/>\n<h2 style=\"text-align: justify;\"><span style=\"color: #ff6600;\"><strong>MISS\u00c3O<\/strong><\/span><\/h2>\n<p><span style=\"font-family: Arial; font-size: medium;\"><br \/>\nFornecer solu\u00e7\u00f5es em TI aos nossos clientes, sempre visando excel\u00eancia em nossas atividades, proporcionando crescimento com seguran\u00e7a.<br \/>\n<\/span><\/p>\n<hr \/>\n<h2><strong><span style=\"color: #ff6600;\">VIS\u00c3O<\/span><\/strong><\/h2>\n<p><span style=\"font-family: Arial; font-size: medium;\"><br \/>\nEstar entre as melhores e mais influentes empresas de TIC do mercado nacional. Sempre focando a excel\u00eancia em nossas atividades e contribuindo para o crescimento e bem estar dos nossos colaboradores.<br \/>\n<\/span><\/p>\n<hr \/>\n<h2><span style=\"color: #ff6600;\"><strong>VALORES<\/strong><\/span><\/h2>\n<ul>\n<li><span style=\"font-family: Arial; font-size: medium;\">Honestidade acima de tudo<\/span><\/li>\n<li><span style=\"font-family: Arial; font-size: medium;\">Crescimento cont\u00ednuo<\/span><\/li>\n<li><span style=\"font-family: Arial; font-size: medium;\">Satisfa\u00e7\u00e3o de toda equipe e clientes<\/span><\/li>\n<li><span style=\"font-family: Arial; font-size: medium;\">Padr\u00e3o e qualidade em nossas atividades<\/span><\/li>\n<\/ul>\n<hr \/>\n<h2 style=\"text-align: center;\"><span style=\"font-family: Arial; font-size: medium;\">Para maiores informa\u00e7\u00f5es entre em <a href=\"http:\/\/www.waconsulti.com.br\/home\/contato\/\"><strong><span style=\"color: #ff6600;\">CONTATO<\/span><\/strong><\/a> com nossa equipe.<\/span><\/h2>\n","protected":false},"excerpt":{"rendered":"<p>&nbsp; A EMPRESA A waconsulTI, especializada em servi\u00e7os de TI, atua desenvolvendo Projetos e Solu\u00e7\u00f5es inovadoras para as empresas, sempre buscando excel\u00eancia nas atividades que desenvolve. Nossas solu\u00e7\u00f5es buscam a efetiva melhoria das atividades organizacionais, contribuindo para redu\u00e7\u00e3o de custos, aumento de produtividade e a garantia dos melhores investimentos em tecnologia. Dia ap\u00f3s dia oferecemos [&hellip;]<\/p>\n","protected":false},"author":1,"featured_media":0,"parent":0,"menu_order":0,"comment_status":"closed","ping_status":"closed","template":"fullwidth.php","meta":[],"_links":{"self":[{"href":"https:\/\/www.waconsulti.com.br\/home\/wp-json\/wp\/v2\/pages\/7"}],"collection":[{"href":"https:\/\/www.waconsulti.com.br\/home\/wp-json\/wp\/v2\/pages"}],"about":[{"href":"https:\/\/www.waconsulti.com.br\/home\/wp-json\/wp\/v2\/types\/page"}],"author":[{"embeddable":true,"href":"https:\/\/www.waconsulti.com.br\/home\/wp-json\/wp\/v2\/users\/1"}],"replies":[{"embeddable":true,"href":"https:\/\/www.waconsulti.com.br\/home\/wp-json\/wp\/v2\/comments?post=7"}],"version-history":[{"count":7,"href":"https:\/\/www.waconsulti.com.br\/home\/wp-json\/wp\/v2\/pages\/7\/revisions"}],"predecessor-version":[{"id":269,"href":"https:\/\/www.waconsulti.com.br\/home\/wp-json\/wp\/v2\/pages\/7\/revisions\/269"}],"wp:attachment":[{"href":"https:\/\/www.waconsulti.com.br\/home\/wp-json\/wp\/v2\/media?parent=7"}],"curies":[{"name":"wp","href":"https:\/\/api.w.org\/{rel}","templated":true}]}}