{"id":99,"date":"2018-07-19T18:09:35","date_gmt":"2018-07-19T18:09:35","guid":{"rendered":"http:\/\/www.waconsulti.com.br\/home\/?page_id=99"},"modified":"2018-07-24T16:43:14","modified_gmt":"2018-07-24T16:43:14","slug":"wamodule","status":"publish","type":"page","link":"https:\/\/www.waconsulti.com.br\/home\/wamodule\/","title":{"rendered":"WA|MODULE"},"content":{"rendered":"<h1 style=\"text-align: center;\"><span style=\"color: #ff9900;\">MONITORE TUDO EM UM S\u00d3 LUGAR!<\/span><\/h1>\n<h3 style=\"text-align: center;\">WA|MODULE<\/h3>\n<h4 style=\"text-align: center;\">Com o WA|MODULE, \u00e9 poss\u00edvel monitorar toda sua infraestrutura de TI em um s\u00f3 lugar.<\/h4>\n<p>&nbsp;<\/p>\n<p style=\"text-align: center;\"><img decoding=\"async\" loading=\"lazy\" class=\"wp-image-233 alignnone\" src=\"http:\/\/www.waconsulti.com.br\/home\/wp-content\/uploads\/2018\/07\/servers-2-300x300.png\" alt=\"\" width=\"100\" height=\"100\" srcset=\"https:\/\/www.waconsulti.com.br\/home\/wp-content\/uploads\/2018\/07\/servers-2-300x300.png 300w, https:\/\/www.waconsulti.com.br\/home\/wp-content\/uploads\/2018\/07\/servers-2-150x150.png 150w, https:\/\/www.waconsulti.com.br\/home\/wp-content\/uploads\/2018\/07\/servers-2.png 512w\" sizes=\"(max-width: 100px) 100vw, 100px\" \/>\u00a0Monitoramento de servidores<\/p>\n<p>&nbsp;<\/p>\n<p style=\"text-align: center;\"><img decoding=\"async\" loading=\"lazy\" class=\"wp-image-230 alignnone\" src=\"http:\/\/www.waconsulti.com.br\/home\/wp-content\/uploads\/2018\/07\/globe-150x150.png\" alt=\"\" width=\"100\" height=\"100\" \/>Monitoramento completo de rede<\/p>\n<p>&nbsp;<\/p>\n<p style=\"text-align: center;\"><img decoding=\"async\" loading=\"lazy\" class=\"alignnone wp-image-227\" src=\"http:\/\/www.waconsulti.com.br\/home\/wp-content\/uploads\/2018\/07\/speedometer-300x300.png\" alt=\"\" width=\"100\" height=\"100\" srcset=\"https:\/\/www.waconsulti.com.br\/home\/wp-content\/uploads\/2018\/07\/speedometer-300x300.png 300w, https:\/\/www.waconsulti.com.br\/home\/wp-content\/uploads\/2018\/07\/speedometer-150x150.png 150w, https:\/\/www.waconsulti.com.br\/home\/wp-content\/uploads\/2018\/07\/speedometer.png 512w\" sizes=\"(max-width: 100px) 100vw, 100px\" \/>Gerenciamento de desempenho<\/p>\n<p>&nbsp;<\/p>\n<p style=\"text-align: center;\">\u00a0 \u00a0\u00a0<img decoding=\"async\" loading=\"lazy\" class=\"alignnone wp-image-232\" src=\"http:\/\/www.waconsulti.com.br\/home\/wp-content\/uploads\/2018\/07\/database-1-300x300.png\" alt=\"\" width=\"100\" height=\"100\" srcset=\"https:\/\/www.waconsulti.com.br\/home\/wp-content\/uploads\/2018\/07\/database-1-300x300.png 300w, https:\/\/www.waconsulti.com.br\/home\/wp-content\/uploads\/2018\/07\/database-1-150x150.png 150w, https:\/\/www.waconsulti.com.br\/home\/wp-content\/uploads\/2018\/07\/database-1.png 512w\" sizes=\"(max-width: 100px) 100vw, 100px\" \/>\u00a0Monitoramento de banco de dados<\/p>\n<p>&nbsp;<\/p>\n<p style=\"text-align: center;\"><img decoding=\"async\" loading=\"lazy\" class=\"alignnone wp-image-223 \" src=\"http:\/\/www.waconsulti.com.br\/home\/wp-content\/uploads\/2018\/07\/network-1-150x150.png\" alt=\"\" width=\"100\" height=\"100\" srcset=\"https:\/\/www.waconsulti.com.br\/home\/wp-content\/uploads\/2018\/07\/network-1-150x150.png 150w, https:\/\/www.waconsulti.com.br\/home\/wp-content\/uploads\/2018\/07\/network-1-300x300.png 300w, https:\/\/www.waconsulti.com.br\/home\/wp-content\/uploads\/2018\/07\/network-1.png 512w\" sizes=\"(max-width: 100px) 100vw, 100px\" \/>\u00a0Monitoramento de capacidade e desempenho de armazenamento<\/p>\n<p>&nbsp;<\/p>\n<p style=\"text-align: center;\"><img decoding=\"async\" loading=\"lazy\" class=\"wp-image-222 alignnone\" src=\"http:\/\/www.waconsulti.com.br\/home\/wp-content\/uploads\/2018\/07\/interactivity-300x300.png\" alt=\"\" width=\"100\" height=\"100\" srcset=\"https:\/\/www.waconsulti.com.br\/home\/wp-content\/uploads\/2018\/07\/interactivity-300x300.png 300w, https:\/\/www.waconsulti.com.br\/home\/wp-content\/uploads\/2018\/07\/interactivity-150x150.png 150w, https:\/\/www.waconsulti.com.br\/home\/wp-content\/uploads\/2018\/07\/interactivity.png 512w\" sizes=\"(max-width: 100px) 100vw, 100px\" \/>\u00a0Virtualiza\u00e7\u00e3o monitorada<\/p>\n<p>&nbsp;<\/p>\n<hr \/>\n<p>&nbsp;<\/p>\n<p style=\"text-align: center;\"><span style=\"font-family: Arial; font-size: medium;\">Para maiores informa\u00e7\u00f5es entre em <a href=\"http:\/\/www.waconsulti.com.br\/home\/contato\/\"><strong><span style=\"color: #ff6600;\">CONTATO<\/span><\/strong><\/a> com nossa equipe.<\/span><\/p>\n<p>&nbsp;<\/p>\n","protected":false},"excerpt":{"rendered":"<p>MONITORE TUDO EM UM S\u00d3 LUGAR! WA|MODULE Com o WA|MODULE, \u00e9 poss\u00edvel monitorar toda sua infraestrutura de TI em um s\u00f3 lugar. &nbsp; \u00a0Monitoramento de servidores &nbsp; Monitoramento completo de rede &nbsp; Gerenciamento de desempenho &nbsp; \u00a0 \u00a0\u00a0\u00a0Monitoramento de banco de dados &nbsp; \u00a0Monitoramento de capacidade e desempenho de armazenamento &nbsp; \u00a0Virtualiza\u00e7\u00e3o monitorada &nbsp; &nbsp; [&hellip;]<\/p>\n","protected":false},"author":1,"featured_media":0,"parent":0,"menu_order":0,"comment_status":"closed","ping_status":"closed","template":"fullwidth.php","meta":[],"_links":{"self":[{"href":"https:\/\/www.waconsulti.com.br\/home\/wp-json\/wp\/v2\/pages\/99"}],"collection":[{"href":"https:\/\/www.waconsulti.com.br\/home\/wp-json\/wp\/v2\/pages"}],"about":[{"href":"https:\/\/www.waconsulti.com.br\/home\/wp-json\/wp\/v2\/types\/page"}],"author":[{"embeddable":true,"href":"https:\/\/www.waconsulti.com.br\/home\/wp-json\/wp\/v2\/users\/1"}],"replies":[{"embeddable":true,"href":"https:\/\/www.waconsulti.com.br\/home\/wp-json\/wp\/v2\/comments?post=99"}],"version-history":[{"count":21,"href":"https:\/\/www.waconsulti.com.br\/home\/wp-json\/wp\/v2\/pages\/99\/revisions"}],"predecessor-version":[{"id":246,"href":"https:\/\/www.waconsulti.com.br\/home\/wp-json\/wp\/v2\/pages\/99\/revisions\/246"}],"wp:attachment":[{"href":"https:\/\/www.waconsulti.com.br\/home\/wp-json\/wp\/v2\/media?parent=99"}],"curies":[{"name":"wp","href":"https:\/\/api.w.org\/{rel}","templated":true}]}}